{"id":1247,"date":"2022-07-27T13:37:44","date_gmt":"2022-07-27T18:37:44","guid":{"rendered":"https:\/\/hyundaitl.wpenginepowered.com\/wpht\/?page_id=1247"},"modified":"2025-05-27T16:34:15","modified_gmt":"2025-05-27T21:34:15","slug":"accessibility","status":"publish","type":"page","link":"https:\/\/www.hyundaitranslead.com\/es\/resources\/accessibility\/","title":{"rendered":"Accesibilidad"},"content":{"rendered":"<p><div class=\"fusion-fullwidth fullwidth-box fusion-builder-row-1 fusion-flex-container has-pattern-background has-mask-background hundred-percent-fullwidth non-hundred-percent-height-scrolling fusion-no-medium-visibility fusion-no-large-visibility\" style=\"--awb-background-blend-mode:multiply;--awb-border-radius-top-left:0px;--awb-border-radius-top-right:0px;--awb-border-radius-bottom-right:0px;--awb-border-radius-bottom-left:0px;--awb-padding-top:0px;--awb-padding-right:-30px;--awb-padding-left:-30px;--awb-flex-wrap:wrap;\" ><div class=\"fusion-builder-row fusion-row fusion-flex-align-items-stretch fusion-flex-content-wrap\" style=\"width:104% !important;max-width:104% !important;margin-left: calc(-4% \/ 2 );margin-right: calc(-4% \/ 2 );\"><div class=\"fusion-layout-column fusion_builder_column fusion-builder-column-0 fusion_builder_column_1_1 1_1 fusion-flex-column fusion-no-medium-visibility fusion-no-large-visibility\" style=\"--awb-bg-size:cover;--awb-width-large:100%;--awb-margin-top-large:0px;--awb-spacing-right-large:1.92%;--awb-margin-bottom-large:20px;--awb-spacing-left-large:1.92%;--awb-width-medium:100%;--awb-order-medium:0;--awb-spacing-right-medium:1.92%;--awb-spacing-left-medium:1.92%;--awb-width-small:100%;--awb-order-small:0;--awb-spacing-right-small:1.92%;--awb-spacing-left-small:1.92%;\"><div class=\"fusion-column-wrapper fusion-column-has-shadow fusion-flex-justify-content-center fusion-content-layout-block\"><div class=\"fusion-image-element fusion-no-medium-visibility fusion-no-large-visibility in-legacy-container\" style=\"--awb-caption-title-font-family:var(--h2_typography-font-family);--awb-caption-title-font-weight:var(--h2_typography-font-weight);--awb-caption-title-font-style:var(--h2_typography-font-style);--awb-caption-title-size:var(--h2_typography-font-size);--awb-caption-title-transform:var(--h2_typography-text-transform);--awb-caption-title-line-height:var(--h2_typography-line-height);--awb-caption-title-letter-spacing:var(--h2_typography-letter-spacing);\"><span class=\"fusion-imageframe imageframe-none imageframe-1 hover-type-none\"><img decoding=\"async\" width=\"1200\" height=\"800\" title=\"mobile-accessibility\" src=\"https:\/\/www.hyundaitranslead.com\/wp-content\/uploads\/mobile-accessibility.jpg\" alt class=\"img-responsive wp-image-5051\" srcset=\"https:\/\/www.hyundaitranslead.com\/wp-content\/uploads\/\/mobile-accessibility-200x133.jpg 200w, https:\/\/www.hyundaitranslead.com\/wp-content\/uploads\/\/mobile-accessibility-400x267.jpg 400w, https:\/\/www.hyundaitranslead.com\/wp-content\/uploads\/\/mobile-accessibility-600x400.jpg 600w, https:\/\/www.hyundaitranslead.com\/wp-content\/uploads\/\/mobile-accessibility-800x533.jpg 800w, https:\/\/www.hyundaitranslead.com\/wp-content\/uploads\/mobile-accessibility.jpg 1200w\" sizes=\"(max-width: 767px) 100vw, 1200px\" \/><\/span><\/div><\/div><\/div><\/div><\/div><div class=\"fusion-fullwidth fullwidth-box fusion-builder-row-2 fusion-flex-container hundred-percent-fullwidth non-hundred-percent-height-scrolling\" style=\"--awb-border-radius-top-left:0px;--awb-border-radius-top-right:0px;--awb-border-radius-bottom-right:0px;--awb-border-radius-bottom-left:0px;--awb-margin-bottom:0px;--awb-flex-wrap:wrap;\" ><div class=\"fusion-builder-row fusion-row fusion-flex-align-items-flex-start fusion-flex-content-wrap\" style=\"width:104% !important;max-width:104% !important;margin-left: calc(-4% \/ 2 );margin-right: calc(-4% \/ 2 );\"><div class=\"fusion-layout-column fusion_builder_column fusion-builder-column-1 fusion_builder_column_1_2 1_2 fusion-flex-column\" style=\"--awb-padding-top:200px;--awb-padding-bottom:200px;--awb-padding-top-small:0px;--awb-padding-bottom-small:50px;--awb-bg-size:cover;--awb-width-large:50%;--awb-margin-top-large:0px;--awb-spacing-right-large:9.6%;--awb-margin-bottom-large:0px;--awb-spacing-left-large:9.6%;--awb-width-medium:50%;--awb-order-medium:0;--awb-spacing-right-medium:9.6%;--awb-spacing-left-medium:9.6%;--awb-width-small:100%;--awb-order-small:0;--awb-margin-top-small:0px;--awb-spacing-right-small:1.92%;--awb-spacing-left-small:1.92%;\"><div class=\"fusion-column-wrapper fusion-column-has-shadow fusion-flex-justify-content-flex-start fusion-content-layout-column\"><div class=\"fusion-title title fusion-title-1 fusion-sep-none fusion-title-text fusion-title-size-one\" style=\"--awb-font-size:2em;\"><h1 class=\"fusion-title-heading title-heading-left fusion-responsive-typography-calculated\" style=\"margin:0;font-size:1em;--fontSize:34;line-height:1.15;\">Hyundai Translead Accessibility<\/h1><\/div><div class=\"fusion-text fusion-text-1\"><p>Hyundai Translead est\u00e1 comprometido con la accesibilidad y el apoyo a todos nuestros clientes y empleados. Revisamos y mejoramos constantemente las funciones, el contenido y la experiencia del usuario en nuestro sitio web. Nuestro objetivo es cumplir con los est\u00e1ndares WCAG 2.0 nivel AA. Estos est\u00e1ndares nos ayudan a establecer una base para garantizar que las personas con discapacidades puedan acceder a nuestro contenido seg\u00fan sus necesidades.\n\nAgradecemos de coraz\u00f3n cualquier comentario o inquietud que tenga respecto a la experiencia en este sitio web. Si detecta alg\u00fan elemento que considere que no es completamente accesible para personas con discapacidades, le invitamos a contactarnos por correo electr\u00f3nico a marketing@hyundaitranslead.com, proporcionando una descripci\u00f3n de la funci\u00f3n espec\u00edfica que cree que no es totalmente accesible o una sugerencia de mejora.\nValoramos su opini\u00f3n y tendremos en cuenta todos los comentarios recibidos mientras buscamos formas de mejorar la experiencia de nuestros clientes y aumentar continuamente la accesibilidad de nuestro sitio.<\/p>\n<\/div><\/div><\/div><div class=\"fusion-layout-column fusion_builder_column fusion-builder-column-2 fusion_builder_column_1_2 1_2 fusion-flex-column fusion-flex-align-self-stretch fusion-no-small-visibility fusion-no-medium-visibility\" style=\"--awb-bg-image:url(&#039;https:\/\/www.hyundaitranslead.com\/wp-content\/uploads\/DIN6868_1337-scaled.jpg&#039;);--awb-bg-position:center center;--awb-bg-size:cover;--awb-width-large:50%;--awb-margin-top-large:0px;--awb-spacing-right-large:0px;--awb-margin-bottom-large:0px;--awb-spacing-left-large:0px;--awb-width-medium:50%;--awb-order-medium:0;--awb-spacing-right-medium:0px;--awb-spacing-left-medium:0px;--awb-width-small:100%;--awb-order-small:0;--awb-spacing-right-small:1.92%;--awb-spacing-left-small:1.92%;\" data-scroll-devices=\"small-visibility,medium-visibility,large-visibility\"><div class=\"fusion-column-wrapper fusion-column-has-shadow fusion-flex-justify-content-center fusion-content-layout-column fusion-empty-column-bg-image fusion-column-has-bg-image\" data-bg-url=\"https:\/\/www.hyundaitranslead.com\/wp-content\/uploads\/DIN6868_1337-scaled.jpg\"><img decoding=\"async\" class=\"fusion-empty-dims-img-placeholder\" alt=\"An aerial view of a white Freightliner Cascadia semi-truck pulling a Hyundai Translead trailer on a road surrounded by trees, demonstrating Hyundai&#039;s trailer innovation and thermal efficiency technology.\" aria-label=\"DIN6868_1337\" src=\"data:image\/svg+xml,%3Csvg%20xmlns%3D%27http%3A%2F%2Fwww.w3.org%2F2000%2Fsvg%27%20width%3D%272560%27%20height%3D%271854%27%20viewBox%3D%270%200%202560%201854%27%3E%3Crect%20width%3D%272560%27%20height%3D%271854%27%20fill-opacity%3D%220%22%2F%3E%3C%2Fsvg%3E\"><\/div><\/div><\/div><\/div><\/p>\n<script>function getWR360PopupSkin(){return 'light_clean';}<\/script>","protected":false},"excerpt":{"rendered":"","protected":false},"author":1,"featured_media":9488,"parent":45,"menu_order":0,"comment_status":"closed","ping_status":"closed","template":"100-width.php","meta":{"footnotes":""},"class_list":["post-1247","page","type-page","status-publish","has-post-thumbnail","hentry"],"_links":{"self":[{"href":"https:\/\/www.hyundaitranslead.com\/es\/wp-json\/wp\/v2\/pages\/1247","targetHints":{"allow":["GET"]}}],"collection":[{"href":"https:\/\/www.hyundaitranslead.com\/es\/wp-json\/wp\/v2\/pages"}],"about":[{"href":"https:\/\/www.hyundaitranslead.com\/es\/wp-json\/wp\/v2\/types\/page"}],"author":[{"embeddable":true,"href":"https:\/\/www.hyundaitranslead.com\/es\/wp-json\/wp\/v2\/users\/1"}],"replies":[{"embeddable":true,"href":"https:\/\/www.hyundaitranslead.com\/es\/wp-json\/wp\/v2\/comments?post=1247"}],"version-history":[{"count":0,"href":"https:\/\/www.hyundaitranslead.com\/es\/wp-json\/wp\/v2\/pages\/1247\/revisions"}],"up":[{"embeddable":true,"href":"https:\/\/www.hyundaitranslead.com\/es\/wp-json\/wp\/v2\/pages\/45"}],"wp:featuredmedia":[{"embeddable":true,"href":"https:\/\/www.hyundaitranslead.com\/es\/wp-json\/wp\/v2\/media\/9488"}],"wp:attachment":[{"href":"https:\/\/www.hyundaitranslead.com\/es\/wp-json\/wp\/v2\/media?parent=1247"}],"curies":[{"name":"wp","href":"https:\/\/api.w.org\/{rel}","templated":true}]}}